{"id":325,"date":"2026-01-24T00:44:21","date_gmt":"2026-01-24T06:44:21","guid":{"rendered":"https:\/\/cabval.nubol.net\/?page_id=325"},"modified":"2026-03-08T22:40:39","modified_gmt":"2026-03-09T04:40:39","slug":"inicio","status":"publish","type":"page","link":"https:\/\/cabval.nubol.net\/","title":{"rendered":"Casa de Bolsa de Valores, S.A."},"content":{"rendered":"\n<div class=\"region-section flex-flow horizontal-flow\">\n    <div class=\"flex-flow horizontal-flow\">\n        <div id=\"cabval-company-name\" class=\"flex-flow vertical-flow gap-10 padding-10\"\n            style=\"justify-content: space-between;\">\n            <h4 style=\"margin:0px;\">Casa de Bolsa de Valores, S.A.<\/h4>\n            <div class=\"link nav-link as-button\" data-target=\"_self\" data-url=\"\/index.php\/registrate\">\u00a1Registrate!\n            <\/div>\n        <\/div>\n        <div id=\"cabval-company-intro\"\n            class=\"thick-bordered left greedy flex-flow vertical-flow gap-10 greedy padding-10\">\n            <p>Somos una sociedad an\u00f3nima cuya finalidad principal es la\n                intermediaci\u00f3n burs\u00e1til o actividades directamente relacionadas con el mercado de capitales del pa\u00eds,\n                incluyendo la prestaci\u00f3n de asesor\u00eda en materia de valores y operaciones de bolsa, administraci\u00f3n de\n                cartera de valores y servicios de informaci\u00f3n y procesamiento de datos para los clientes.<\/p>\n            <div class=\"flex-flow horizontal-flow flex-adaptive\">\n                <div class=\"cabval-divisas-placeholder\">        <div class=\"cabval-divisas-rolling carousel\" data-interval=\"5000\">\n            <div class=\"carousel-track\">\n                                    <div class=\"cabval-divisas-card\">\n                        <div class=\"cabval-divisas-header\">\n                            <div>Tasa de Cambio<\/div>\n                            <div>\n                                USD                            <\/div>\n                        <\/div>\n                        <div class=\"cabval-divisas-body\">\n                            <div class=\"row\">\n                                <span>Compra<\/span>\n                                <span>26.5137<\/span>\n                            <\/div>\n                            <div class=\"row\">\n                                <span>Venta<\/span>\n                                <span>26.6463<\/span>\n                            <\/div>\n                            <!--<div class=\"date\">Fuente: MANAGED<\/div>-->\n                        <\/div>\n                    <\/div>\n                                    <div class=\"cabval-divisas-card\">\n                        <div class=\"cabval-divisas-header\">\n                            <div>Tasa de Cambio<\/div>\n                            <div>\n                                EUR                            <\/div>\n                        <\/div>\n                        <div class=\"cabval-divisas-body\">\n                            <div class=\"row\">\n                                <span>Compra<\/span>\n                                <span>31.1676<\/span>\n                            <\/div>\n                            <div class=\"row\">\n                                <span>Venta<\/span>\n                                <span>31.1676<\/span>\n                            <\/div>\n                            <!--<div class=\"date\">Fuente: PROMEDIO<\/div>-->\n                        <\/div>\n                    <\/div>\n                            <\/div>\n        <\/div>\n<\/div>\n                <div class=\"kpis-region left no-borders greedy\">\n                    <div class=\"kpi-item\">\n                        <div class=\"icon kpi-thumbnail\">\n                            <div class=\"value\">1990<\/div>\n                        <\/div>\n                        <p class=\"text\" style=\"max-width: 200px;\">CABVAL cuenta con m\u00e1s de 34 a\u00f1os de experiencia en\n                            negociaciones\n                            burs\u00e1tiles.<\/p>\n                    <\/div>\n                    <div class=\"kpi-item\">\n                        <div class=\"icon kpi-thumbnail\">\n                            <div class=\"value\">75,000MM+<\/div>\n                        <\/div>\n                        <p class=\"text\" style=\"max-width: 200px;\">Casa de Bolsa de Valores ha intermediado hasta la\n                            fecha m\u00e1s de\n                            L.75,000,000,000.00.<\/p>\n                    <\/div>\n                <\/div>\n            <\/div>\n            <p style=\"text-align: left;\">Inscripci\u00f3n aprobada por la CNBS, mediante <em><a class=\"inline-link\"\n                        href=\"\/wp-json\/docapi\/v1\/slug\/marco-legal\/resolucion_cabval_cnbs\" target=\"cabval-resolucion\"\n                        title=\"Presione aqu\u00ed para ver el documento\">Resoluci\u00f3n Nro. 170\/04-02-2003<\/a><\/em>\n                del <i>7 de febrero del 2003<\/i>.<\/p>\n            <p style=\"text-align: left;\">Vea nuestro \u00faltimo <em><a class=\"inline-link\"\n                        href=\"\/wp-json\/docapi\/v1\/latest\/libro-quejas\" target=\"libro-quejas\"\n                        title=\"Presione aqu\u00ed para ver el documento\">Informe de Quejas y Reclamos<\/a><\/em>.<\/p>\n        <\/div>\n        <div id=\"cabval-fast-calc\" class=\"flex-flow vertical-flow gap-10 padding-10\">\n            <div class=\"cabval-fp-card\">\n    <div class=\"fp-toolbar\">\n        <h6 class=\"greedy\">Estime su Inversi\u00f3n<\/h6>\n        <div class=\"link as-button\" id=\"fp_calcular\">Calcular<\/div>\n        <div class=\"link as-button\" id=\"fp_reset\" style=\"display:none;\">Reiniciar<\/div>\n    <\/div>\n    <div id=\"fp-entradas\" class=\"fp-entradas\">\n\t\t<div class=\"fp-row\" style=\"margin-top: 4px;\">\n\t\t\t<label for=\"fp_base\">Base<\/label>\n\t\t\t<select id=\"fp_base\" class=\"value\">\n\t\t\t\t<option value=\"NASD30360\">EE.UU. (NASD) 30\/360<\/option>\n\t\t\t\t<option value=\"RR\">Real\/Real<\/option>\n\t\t\t\t<option value=\"R360\">Real\/360<\/option>\n\t\t\t\t<option value=\"R365\">Real\/365<\/option>\n\t\t\t\t<option value=\"EUR30360\">Europea 30\/360<\/option>\n\t\t\t<\/select>\n\t\t<\/div>\n\t\t<div class=\"fp-row\">\n\t\t\t<label for=\"fp_currency\">Moneda<\/label>\n\t\t\t<select id=\"fp_currency\" class=\"value\">\n\t\t\t\t<option value=\"HNL\">Lempiras, Honduras<\/option>\n\t\t\t\t<option value=\"USD\">D\u00f3lares, EE.UU.AA.<\/option>\n\t\t\t<\/select>\n\t\t<\/div>\n        <div class=\"fp-row\">\n            <label for=\"fp_valor_nominal\">Monto a Invertir<\/label>\n            <input id=\"fp_valor_nominal\" type=\"number\" placeholder=\"10000.00\" value=\"100000.00\" step=\"0.01\" min=\"0.01\">\n        <\/div>\n        <div class=\"fp-row\">\n            <label for=\"fp_valor_rescate\">Valor Rescate<\/label>\n            <input id=\"fp_valor_rescate\" type=\"number\" placeholder=\"100.00\" value=\"1000.00\" step=\"0.01\" min=\"0.01\">\n        <\/div>\n        <!--<div class=\"fp-row\">\n            <label for=\"fp_precio_venta\">Precio Esperado<\/label>\n            <input id=\"fp_precio_venta\" type=\"number\" placeholder=\"110.00\" step=\"0.01\" min=\"0.01\">\n        <\/div>\n        <div class=\"fp-row\">\n            <label for=\"fp_plazo\">Plazo (d\u00edas)<\/label>\n            <input id=\"fp_plazo\" type=\"number\" placeholder=\"30\" step=\"1\" min=\"30\" max=\"3600\">\n        <\/div>-->\n\t\t<div class=\"legend\"><\/div>\n        <div id=\"calc-message\" style=\"display:none;\">\n        <\/div>\n    <\/div>\n    <div id=\"fp-resultados\" class=\"fp-resultados\" style=\"display:none;\">\n\t\t<div>\n        <div class=\"row\"><strong>D\u00edas al Vencimiento:<\/strong> <span id=\"fp_dias_vencimiento\">\u2014<\/span><\/div>\n        <div class=\"row\"><strong>Total Intereses:<\/strong> <span id=\"fp_total_intereses\">\u2014<\/span><\/div>\n        <div class=\"row\"><strong>Total a Recibir:<\/strong> <span id=\"fp_total_recibir\">\u2014<\/span><\/div>\n        <div class=\"row\"><strong>Total a Pagar :<\/strong> <span id=\"fp_total_pagar\">\u2014<\/span><\/div>\n\t\t<\/div>\n\t\t<div>\n\t\t\t<p>Todos los valores expresados en <span class=currency><\/span>.<\/p>\n\t\t\t<p>Lo valores son calculados bajo supuestos y no reflejan las condiciones actuales. Registrate y consulta con nuestros asesores para obtener una mejora valoraci\u00f3n de tu inversi\u00f3n.<\/p>\n\t\t<\/div>\n    <\/div>\n<\/div>\n        <\/div>\n    <\/div>\n<\/div>\n    <!--<div class=\"region-section flex-flow horizontal-flow\" style=\"margin-top: 10px;\">-->\n\t\t<div class=\"cabval-stock-carousel-wrapper\">\n\t\t\t<div class=\"cabval-stock-carousel-track\" data-speed=\"80\">\n\t\t\t\t<!-- items will be injected by JS -->\n\t\t\t<\/div>\n\t\t<\/div>\n\t<!--<\/div>-->\n\t\n<div class=\"region-section\">\n    <div class='cards-region horizontal cols-3' data-category='instituciones_mercado_valores'><div class=\"card-item nav-link pointer\" data-url=\"https:\/\/www.cnbs.gob.hn\/\" data-target=\"_cnbs\"><div class='icon-wrapper'>\n                    <div class='icon icon-52094bed-fde6-4e65-be43-d54dd4488d7a'><\/div>\n                  <\/div><p class='text primary'>La Casa de Bolsa, est\u00e1 sujeta a la inspecci\u00f3n y vigilancia peri\u00f3dica de la Comisi\u00f3n Nacional de Bancos y Seguros (<strong>CNBS<\/strong>).<\/p><\/div><div class=\"card-item nav-link pointer\" data-url=\"https:\/\/www.bch.hn\/\" data-target=\"_bch\"><div class='icon-wrapper'>\n                    <div class='icon icon-a1306c0a-31fc-4a85-8094-985d47390ae5'><\/div>\n                  <\/div><p class='text primary'>a Casa de Bolsa realiza negociaciones de Letras y Bonos de la<em> Secretar\u00eda de Finanzas<\/em> (<strong>SEFIN<\/strong>) que son llevadas a cabo por el Banco Central de Honduras.<\/p><\/div><div class=\"card-item nav-link pointer\" data-url=\"https:\/\/www.bcv.hn\/\" data-target=\"_bcv\"><div class='icon-wrapper'>\n                    <div class='icon icon-5ae60211-1f45-43d7-bc9f-714a18dc6063'><\/div>\n                  <\/div><p class='text primary'>La Bolsa Centroamericana de Valores S.A. (<strong>BCV<\/strong>), es la instituci\u00f3n que proporciona el lugar y las condiciones \u00f3ptimas para que se lleven a cabo las negociaciones de t\u00edtulos valores.<\/p><\/div><\/div>\n<\/div>\n\n\n\n<p><\/p>\n","protected":false},"excerpt":{"rendered":"<p>Casa de Bolsa de Valores, S.A. \u00a1Registrate! Somos una sociedad an\u00f3nima cuya finalidad principal es la intermediaci\u00f3n burs\u00e1til o actividades directamente relacionadas con el mercado de capitales del pa\u00eds, incluyendo la prestaci\u00f3n de asesor\u00eda en materia de valores y operaciones de bolsa, administraci\u00f3n de cartera de valores y servicios de informaci\u00f3n y procesamiento de datos [&hellip;]<\/p>\n","protected":false},"author":2,"featured_media":0,"parent":0,"menu_order":0,"comment_status":"closed","ping_status":"closed","template":"page-templates\/frontpage.php","meta":{"footnotes":""},"class_list":["post-325","page","type-page","status-publish","hentry"],"_links":{"self":[{"href":"https:\/\/cabval.nubol.net\/index.php\/wp-json\/wp\/v2\/pages\/325","targetHints":{"allow":["GET"]}}],"collection":[{"href":"https:\/\/cabval.nubol.net\/index.php\/wp-json\/wp\/v2\/pages"}],"about":[{"href":"https:\/\/cabval.nubol.net\/index.php\/wp-json\/wp\/v2\/types\/page"}],"author":[{"embeddable":true,"href":"https:\/\/cabval.nubol.net\/index.php\/wp-json\/wp\/v2\/users\/2"}],"replies":[{"embeddable":true,"href":"https:\/\/cabval.nubol.net\/index.php\/wp-json\/wp\/v2\/comments?post=325"}],"version-history":[{"count":198,"href":"https:\/\/cabval.nubol.net\/index.php\/wp-json\/wp\/v2\/pages\/325\/revisions"}],"predecessor-version":[{"id":1988,"href":"https:\/\/cabval.nubol.net\/index.php\/wp-json\/wp\/v2\/pages\/325\/revisions\/1988"}],"wp:attachment":[{"href":"https:\/\/cabval.nubol.net\/index.php\/wp-json\/wp\/v2\/media?parent=325"}],"curies":[{"name":"wp","href":"https:\/\/api.w.org\/{rel}","templated":true}]}}