{"id":1613,"date":"2026-02-09T23:37:08","date_gmt":"2026-02-10T05:37:08","guid":{"rendered":"https:\/\/cabval.nubol.net\/?page_id=1613"},"modified":"2026-03-07T02:37:41","modified_gmt":"2026-03-07T08:37:41","slug":"registrate","status":"publish","type":"page","link":"https:\/\/cabval.nubol.net\/index.php\/registrate\/","title":{"rendered":"Registrate"},"content":{"rendered":"\n<div class=\"flex-flow vertical-flow\">\n    <div class=\"flex-flow horizontal-flow gap-10\" style=\"justify-content: flex-end;\">\n        <div class=\"greedy\"><\/div>\n        <div style=\"width: 200px;\">\n            <div class=\"link nav-link as-button\" data-target=\"_self\" data-url=\"\/\">Regresar al Inicio<\/div>\n        <\/div>\n    <\/div>\n    <div class=\"region-section flex-flow horizontal-flow\">\n        <div class=\"flex-flow vertical-flow greedy gap-20\" style=\"flex-basis: 70%;\">\n            <div>\n                <h3>Requisitos para Personas Naturales<\/h3>\n                <ul>\n                    <li>Formato Identificaci\u00f3n del Cliente<\/li>\n                    <li>Contrato de Intermediaci\u00f3n Burs\u00e1til<\/li>\n                    <li>Autorizaci\u00f3n envi\u00f3 de Estado de Cuenta<\/li>\n                    <li>Registro de firmas (Traspaso de Valores)<\/li>\n                    <li>Pasaporte\/ Carnet de Residencia<\/li>\n                    <li>Copia de Tarjeta de Identidad<\/li>\n                    <li>Copia de RTN<\/li>\n                    <li>Referencia comercial (servicios p\u00fablicos\/ cable, internet, etc.)<\/li>\n                    <li>Auto Certificaci\u00f3n FATCA<\/li>\n                    <!--<li>Copia de identidad vigente (ambos lados).<\/li>\n                    <li>RTN num\u00e9rico actualizado.<\/li>\n                    <li>Comprobante de domicilio (recibo de servicios p\u00fablicos o contrato de arrendamiento).<\/li>\n                    <li>Constancia laboral o declaraci\u00f3n de ingresos.<\/li>\n                    <li>Estados de cuenta bancarios de los \u00faltimos 3 meses.<\/li>\n                    <li>Formulario de Conozca a su Cliente (KYC) debidamente completado.<\/li>\n                    <li>Declaraci\u00f3n de origen y destino de fondos.<\/li>\n                    <li>Firma de contrato de intermediaci\u00f3n burs\u00e1til.<\/li>\n                    <li>Declaraci\u00f3n jurada de no estar vinculado a actividades il\u00edcitas (UIF\/AML).<\/li>-->\n                <\/ul>\n            <\/div>\n            <div>\n                <h3>Requisitos para Personas Jur\u00eddicas<\/h3>\n                <ul>\n                    <li>Formato Identificaci\u00f3n del Cliente<\/li>\n                    <li>Firma de Contrato de Intermediaci\u00f3n Burs\u00e1til<\/li>\n                    <li>Registro de firmas autorizadas para traspaso de valores<\/li>\n                    <li>Copia de RTN de la instituci\u00f3n<\/li>\n                    <li>Copia c\u00e9dula de identidad y RTN del Representante Legal<\/li>\n                    <li>Estructura de la Junta Directiva (actual)<\/li>\n                    <li>Estados Financieros (recientes)<\/li>\n                    <li>Certificaci\u00f3n de exoneraci\u00f3n de impuesto, en caso que aplique<\/li>\n                    <li>Copia de la escritura p\u00fablica de constituci\u00f3n<\/li>\n                    <li>Copia del poder de Administraci\u00f3n del Representante Legal<\/li>\n                    <li>Auto Certificaci\u00f3n FATCA.<\/li>\n                    <!--<li>Escritura de constituci\u00f3n y estatutos sociales.<\/li>\n                    <li>Poder de representaci\u00f3n legal debidamente inscrito.<\/li>\n                    <li>RTN de la empresa y del representante legal.<\/li>\n                    <li>Copia de identidad del representante legal y socios con participaci\u00f3n significativa.<\/li>\n                    <li>Acta de asamblea o junta autorizando la apertura de la cuenta de inversi\u00f3n.<\/li>\n                    <li>Estados financieros recientes (auditados si aplica).<\/li>\n                    <li>Estados de cuenta bancarios de los \u00faltimos 3 meses.<\/li>\n                    <li>Formulario KYC corporativo.<\/li>\n                    <li>Declaraci\u00f3n de beneficiarios finales.<\/li>\n                    <li>Declaraci\u00f3n de origen y destino de fondos.<\/li>\n                    <li>Documentaci\u00f3n de cumplimiento AML\/CTF seg\u00fan normativa vigente.<\/li>-->\n                <\/ul>\n            <\/div>\n            <div>\n                <h3>Instituciones Supervisadas<\/h3>\n                <ul>\n                    <li>Copia de la comunicaci\u00f3n del Funcionario de Cumplimiento nombrado<\/li>\n                    <li>Copia de la carta de remisi\u00f3n del Programa de Cumplimiento a la Superintendencia<\/li>\n                    <li>Nombre del \u00f3rgano o entidad reguladora o supervisor<\/li>\n                    <li>Nombre de la firma de Auditor\u00eda Externa, inscrita en el registro que para tal efecto administra la Comisi\u00f3n<\/li>\n                <\/ul>\n            <\/div>\n        <\/div>\n        <div class=\"flex-flow vertical-flow\" style=\"display:none;\">\n            [register_shortcode]\n        <\/div>\n    <\/div>\n<\/div>\n","protected":false},"excerpt":{"rendered":"<p>Regresar al Inicio Requisitos para Personas Naturales Formato Identificaci\u00f3n del Cliente Contrato de Intermediaci\u00f3n Burs\u00e1til Autorizaci\u00f3n envi\u00f3 de Estado de Cuenta Registro de firmas (Traspaso de Valores) Pasaporte\/ Carnet de Residencia Copia de Tarjeta de Identidad Copia de RTN Referencia comercial (servicios p\u00fablicos\/ cable, internet, etc.) Auto Certificaci\u00f3n FATCA Requisitos para Personas Jur\u00eddicas Formato Identificaci\u00f3n [&hellip;]<\/p>\n","protected":false},"author":2,"featured_media":0,"parent":0,"menu_order":0,"comment_status":"closed","ping_status":"closed","template":"page-templates\/node-template.php","meta":{"footnotes":""},"class_list":["post-1613","page","type-page","status-publish","hentry"],"_links":{"self":[{"href":"https:\/\/cabval.nubol.net\/index.php\/wp-json\/wp\/v2\/pages\/1613","targetHints":{"allow":["GET"]}}],"collection":[{"href":"https:\/\/cabval.nubol.net\/index.php\/wp-json\/wp\/v2\/pages"}],"about":[{"href":"https:\/\/cabval.nubol.net\/index.php\/wp-json\/wp\/v2\/types\/page"}],"author":[{"embeddable":true,"href":"https:\/\/cabval.nubol.net\/index.php\/wp-json\/wp\/v2\/users\/2"}],"replies":[{"embeddable":true,"href":"https:\/\/cabval.nubol.net\/index.php\/wp-json\/wp\/v2\/comments?post=1613"}],"version-history":[{"count":15,"href":"https:\/\/cabval.nubol.net\/index.php\/wp-json\/wp\/v2\/pages\/1613\/revisions"}],"predecessor-version":[{"id":1918,"href":"https:\/\/cabval.nubol.net\/index.php\/wp-json\/wp\/v2\/pages\/1613\/revisions\/1918"}],"wp:attachment":[{"href":"https:\/\/cabval.nubol.net\/index.php\/wp-json\/wp\/v2\/media?parent=1613"}],"curies":[{"name":"wp","href":"https:\/\/api.w.org\/{rel}","templated":true}]}}